{"id":1012,"date":"2017-02-12T10:17:04","date_gmt":"2017-02-12T09:17:04","guid":{"rendered":"http:\/\/quiltjoia.vl27225.dinaserver.com\/producto\/filigrana-fpp0103\/"},"modified":"2024-12-13T19:47:17","modified_gmt":"2024-12-13T18:47:17","slug":"filigrana-fpp0103","status":"publish","type":"product","link":"https:\/\/quiltjoia.com\/ca\/producto\/filigrana-fpp0103\/","title":{"rendered":"Filigrana -FPP0103"},"content":{"rendered":"","protected":false},"excerpt":{"rendered":"<h2>Descripci\u00f3n<\/h2>\n<p style=\"text-align: left;\">Colgante colecci\u00f3n&#8221;Filigranas&#8221; hecho a mano en Plata de ley 925mm, con cord\u00f3n de seda marrr\u00f3n medidas 42-44cm y cierre de mosquet\u00f3n \u00a0en Plata de ley.<\/p>\n<p style=\"text-align: left;\"><strong>Tama\u00f1o: <\/strong>2cm. x 2cm.<\/p>\n","protected":false},"featured_media":1013,"template":"","meta":{"_acf_changed":false},"product_brand":[],"product_cat":[60],"product_tag":[],"giftcard-category":[],"class_list":{"0":"post-1012","1":"product","2":"type-product","3":"status-publish","4":"has-post-thumbnail","6":"product_cat-colgantes","7":"colecciones-filigranas","9":"first","10":"instock","11":"purchasable","12":"product-type-simple"},"acf":[],"_links":{"self":[{"href":"https:\/\/quiltjoia.com\/ca\/wp-json\/wp\/v2\/product\/1012","targetHints":{"allow":["GET"]}}],"collection":[{"href":"https:\/\/quiltjoia.com\/ca\/wp-json\/wp\/v2\/product"}],"about":[{"href":"https:\/\/quiltjoia.com\/ca\/wp-json\/wp\/v2\/types\/product"}],"wp:featuredmedia":[{"embeddable":true,"href":"https:\/\/quiltjoia.com\/ca\/wp-json\/wp\/v2\/media\/1013"}],"wp:attachment":[{"href":"https:\/\/quiltjoia.com\/ca\/wp-json\/wp\/v2\/media?parent=1012"}],"wp:term":[{"taxonomy":"product_brand","embeddable":true,"href":"https:\/\/quiltjoia.com\/ca\/wp-json\/wp\/v2\/product_brand?post=1012"},{"taxonomy":"product_cat","embeddable":true,"href":"https:\/\/quiltjoia.com\/ca\/wp-json\/wp\/v2\/product_cat?post=1012"},{"taxonomy":"product_tag","embeddable":true,"href":"https:\/\/quiltjoia.com\/ca\/wp-json\/wp\/v2\/product_tag?post=1012"},{"taxonomy":"giftcard-category","embeddable":true,"href":"https:\/\/quiltjoia.com\/ca\/wp-json\/wp\/v2\/giftcard-category?post=1012"}],"curies":[{"name":"wp","href":"https:\/\/api.w.org\/{rel}","templated":true}]}}