{"id":1091,"date":"2017-02-12T14:12:32","date_gmt":"2017-02-12T13:12:32","guid":{"rendered":"http:\/\/quiltjoia.vl27225.dinaserver.com\/producto\/hexies-hp0102\/"},"modified":"2026-03-05T13:49:07","modified_gmt":"2026-03-05T12:49:07","slug":"hexies-hp0102","status":"publish","type":"product","link":"https:\/\/quiltjoia.com\/ca\/producto\/hexies-hp0102\/","title":{"rendered":"HEXIES-  Hp0102"},"content":{"rendered":"","protected":false},"excerpt":{"rendered":"<h2>Descripci\u00f3n<\/h2>\n<p style=\"text-align: left;\">Colgante hex\u00e1gono colecci\u00f3n &#8220;Hexies&#8221; en Plata de ley 925mm. y esmalte al fuego, con tira de piel marr\u00f3n de 42-44cm. con cierre de mosquet\u00f3n en Plata de ley.<\/p>\n<p style=\"text-align: left;\"><strong>Tama\u00f1o: <\/strong>1&#8217;8cm. x 1&#8217;8cm.<\/p>\n","protected":false},"featured_media":1076,"template":"","meta":{"_acf_changed":false},"product_brand":[],"product_cat":[60],"product_tag":[],"giftcard-category":[],"class_list":{"0":"post-1091","1":"product","2":"type-product","3":"status-publish","4":"has-post-thumbnail","6":"product_cat-colgantes","7":"colecciones-hexies","9":"first","10":"instock","11":"purchasable","12":"product-type-simple"},"acf":[],"_links":{"self":[{"href":"https:\/\/quiltjoia.com\/ca\/wp-json\/wp\/v2\/product\/1091","targetHints":{"allow":["GET"]}}],"collection":[{"href":"https:\/\/quiltjoia.com\/ca\/wp-json\/wp\/v2\/product"}],"about":[{"href":"https:\/\/quiltjoia.com\/ca\/wp-json\/wp\/v2\/types\/product"}],"wp:featuredmedia":[{"embeddable":true,"href":"https:\/\/quiltjoia.com\/ca\/wp-json\/wp\/v2\/media\/1076"}],"wp:attachment":[{"href":"https:\/\/quiltjoia.com\/ca\/wp-json\/wp\/v2\/media?parent=1091"}],"wp:term":[{"taxonomy":"product_brand","embeddable":true,"href":"https:\/\/quiltjoia.com\/ca\/wp-json\/wp\/v2\/product_brand?post=1091"},{"taxonomy":"product_cat","embeddable":true,"href":"https:\/\/quiltjoia.com\/ca\/wp-json\/wp\/v2\/product_cat?post=1091"},{"taxonomy":"product_tag","embeddable":true,"href":"https:\/\/quiltjoia.com\/ca\/wp-json\/wp\/v2\/product_tag?post=1091"},{"taxonomy":"giftcard-category","embeddable":true,"href":"https:\/\/quiltjoia.com\/ca\/wp-json\/wp\/v2\/giftcard-category?post=1091"}],"curies":[{"name":"wp","href":"https:\/\/api.w.org\/{rel}","templated":true}]}}