{"id":1457,"date":"2017-02-12T19:21:02","date_gmt":"2017-02-12T18:21:02","guid":{"rendered":"http:\/\/quiltjoia.vl27225.dinaserver.com\/producto\/vitralls-de-flors-vf0105\/"},"modified":"2024-11-14T11:21:45","modified_gmt":"2024-11-14T10:21:45","slug":"vitralls-de-flors-vf0105","status":"publish","type":"product","link":"https:\/\/quiltjoia.com\/ca\/producto\/vitralls-de-flors-vf0105\/","title":{"rendered":"VITRALLS DE FLORS-  VF0105"},"content":{"rendered":"","protected":false},"excerpt":{"rendered":"<h2>Descripci\u00f3n<\/h2>\n<p>Colgante \u00a0colecci\u00f3n &#8220;Vitralls de Flors&#8221; en Plata de ley 925mm. y esmalte al fuego, con tira de piel marr\u00f3n de 42-44cm. con cierre de mosquet\u00f3n en Plata de ley.<\/p>\n<p style=\"text-align: left;\"><strong>Tama\u00f1o:<\/strong> 2&#8217;8cm.diam.<\/p>\n","protected":false},"featured_media":1433,"template":"","meta":{"_acf_changed":false},"product_brand":[],"product_cat":[60],"product_tag":[],"giftcard-category":[],"class_list":{"0":"post-1457","1":"product","2":"type-product","3":"status-publish","4":"has-post-thumbnail","6":"product_cat-colgantes","7":"colecciones-vitralls-de-flors","9":"first","10":"instock","11":"purchasable","12":"product-type-simple"},"acf":[],"_links":{"self":[{"href":"https:\/\/quiltjoia.com\/ca\/wp-json\/wp\/v2\/product\/1457","targetHints":{"allow":["GET"]}}],"collection":[{"href":"https:\/\/quiltjoia.com\/ca\/wp-json\/wp\/v2\/product"}],"about":[{"href":"https:\/\/quiltjoia.com\/ca\/wp-json\/wp\/v2\/types\/product"}],"wp:featuredmedia":[{"embeddable":true,"href":"https:\/\/quiltjoia.com\/ca\/wp-json\/wp\/v2\/media\/1433"}],"wp:attachment":[{"href":"https:\/\/quiltjoia.com\/ca\/wp-json\/wp\/v2\/media?parent=1457"}],"wp:term":[{"taxonomy":"product_brand","embeddable":true,"href":"https:\/\/quiltjoia.com\/ca\/wp-json\/wp\/v2\/product_brand?post=1457"},{"taxonomy":"product_cat","embeddable":true,"href":"https:\/\/quiltjoia.com\/ca\/wp-json\/wp\/v2\/product_cat?post=1457"},{"taxonomy":"product_tag","embeddable":true,"href":"https:\/\/quiltjoia.com\/ca\/wp-json\/wp\/v2\/product_tag?post=1457"},{"taxonomy":"giftcard-category","embeddable":true,"href":"https:\/\/quiltjoia.com\/ca\/wp-json\/wp\/v2\/giftcard-category?post=1457"}],"curies":[{"name":"wp","href":"https:\/\/api.w.org\/{rel}","templated":true}]}}