{"id":1675,"date":"2017-03-16T14:02:49","date_gmt":"2017-03-16T13:02:49","guid":{"rendered":"http:\/\/quiltjoia.vl27225.dinaserver.com\/producto\/log-cabin-lc0113\/"},"modified":"2026-03-05T18:46:03","modified_gmt":"2026-03-05T17:46:03","slug":"log-cabin-lc0113","status":"publish","type":"product","link":"https:\/\/quiltjoia.com\/ca\/producto\/log-cabin-lc0113\/","title":{"rendered":"LOG CABIN- LC0113"},"content":{"rendered":"","protected":false},"excerpt":{"rendered":"<h2>Descripci\u00f3n<\/h2>\n<p>Colgante \u00a0colecci\u00f3n &#8220;Log Cabin&#8221; en Plata de ley 925mm. y esmalte al fuego, con cord\u00f3n de piel en marr\u00f3n, terminales y cierre de mosqueton en plata de ley.<\/p>\n<p style=\"text-align: left;\"><strong>Tama\u00f1o: <\/strong>2&#8217;6cm.x 2&#8217;6cm.<\/p>\n","protected":false},"featured_media":1656,"template":"","meta":{"_acf_changed":false},"product_brand":[],"product_cat":[60],"product_tag":[],"giftcard-category":[],"class_list":{"0":"post-1675","1":"product","2":"type-product","3":"status-publish","4":"has-post-thumbnail","6":"product_cat-colgantes","7":"colecciones-log-cabin","9":"first","10":"instock","11":"purchasable","12":"product-type-simple"},"acf":[],"_links":{"self":[{"href":"https:\/\/quiltjoia.com\/ca\/wp-json\/wp\/v2\/product\/1675","targetHints":{"allow":["GET"]}}],"collection":[{"href":"https:\/\/quiltjoia.com\/ca\/wp-json\/wp\/v2\/product"}],"about":[{"href":"https:\/\/quiltjoia.com\/ca\/wp-json\/wp\/v2\/types\/product"}],"wp:featuredmedia":[{"embeddable":true,"href":"https:\/\/quiltjoia.com\/ca\/wp-json\/wp\/v2\/media\/1656"}],"wp:attachment":[{"href":"https:\/\/quiltjoia.com\/ca\/wp-json\/wp\/v2\/media?parent=1675"}],"wp:term":[{"taxonomy":"product_brand","embeddable":true,"href":"https:\/\/quiltjoia.com\/ca\/wp-json\/wp\/v2\/product_brand?post=1675"},{"taxonomy":"product_cat","embeddable":true,"href":"https:\/\/quiltjoia.com\/ca\/wp-json\/wp\/v2\/product_cat?post=1675"},{"taxonomy":"product_tag","embeddable":true,"href":"https:\/\/quiltjoia.com\/ca\/wp-json\/wp\/v2\/product_tag?post=1675"},{"taxonomy":"giftcard-category","embeddable":true,"href":"https:\/\/quiltjoia.com\/ca\/wp-json\/wp\/v2\/giftcard-category?post=1675"}],"curies":[{"name":"wp","href":"https:\/\/api.w.org\/{rel}","templated":true}]}}