{"id":1725,"date":"2017-04-07T11:02:23","date_gmt":"2017-04-07T09:02:23","guid":{"rendered":"http:\/\/quiltjoia.vl27225.dinaserver.com\/producto\/kids-les-aines-kc0111\/"},"modified":"2026-03-05T20:36:17","modified_gmt":"2026-03-05T19:36:17","slug":"kids-les-aines-kc0111","status":"publish","type":"product","link":"https:\/\/quiltjoia.com\/ca\/producto\/kids-les-aines-kc0111\/","title":{"rendered":"KIDS LES AINES &#8211; KC0111"},"content":{"rendered":"","protected":false},"excerpt":{"rendered":"<h2>Descripci\u00f3n<\/h2>\n<p style=\"text-align: left;\">Original conjunto de pendientes y colgante de la colecci\u00f3n &#8220;Kids les Aines&#8221; en Plata de ley 925mm. y esmalte al fuego. Pendientes con cierre presi\u00f3n en plata de ley 925mm. y colgante con cord\u00f3n de algod\u00f3n en rosa claro<\/p>\n<p style=\"text-align: left;\"><strong>Tama\u00f1o: <\/strong>pendientes 1 cm. \u00a0colgante \u00a02cm.x 1&#8217;5cm.<\/p>\n","protected":false},"featured_media":1726,"template":"","meta":{"_acf_changed":false},"product_brand":[],"product_cat":[60],"product_tag":[],"giftcard-category":[],"class_list":{"0":"post-1725","1":"product","2":"type-product","3":"status-publish","4":"has-post-thumbnail","6":"product_cat-colgantes","7":"colecciones-kids-les-aines","9":"first","10":"instock","11":"purchasable","12":"product-type-simple"},"acf":[],"_links":{"self":[{"href":"https:\/\/quiltjoia.com\/ca\/wp-json\/wp\/v2\/product\/1725","targetHints":{"allow":["GET"]}}],"collection":[{"href":"https:\/\/quiltjoia.com\/ca\/wp-json\/wp\/v2\/product"}],"about":[{"href":"https:\/\/quiltjoia.com\/ca\/wp-json\/wp\/v2\/types\/product"}],"wp:featuredmedia":[{"embeddable":true,"href":"https:\/\/quiltjoia.com\/ca\/wp-json\/wp\/v2\/media\/1726"}],"wp:attachment":[{"href":"https:\/\/quiltjoia.com\/ca\/wp-json\/wp\/v2\/media?parent=1725"}],"wp:term":[{"taxonomy":"product_brand","embeddable":true,"href":"https:\/\/quiltjoia.com\/ca\/wp-json\/wp\/v2\/product_brand?post=1725"},{"taxonomy":"product_cat","embeddable":true,"href":"https:\/\/quiltjoia.com\/ca\/wp-json\/wp\/v2\/product_cat?post=1725"},{"taxonomy":"product_tag","embeddable":true,"href":"https:\/\/quiltjoia.com\/ca\/wp-json\/wp\/v2\/product_tag?post=1725"},{"taxonomy":"giftcard-category","embeddable":true,"href":"https:\/\/quiltjoia.com\/ca\/wp-json\/wp\/v2\/giftcard-category?post=1725"}],"curies":[{"name":"wp","href":"https:\/\/api.w.org\/{rel}","templated":true}]}}