{"id":1801,"date":"2017-09-13T11:05:26","date_gmt":"2017-09-13T09:05:26","guid":{"rendered":"http:\/\/quiltjoia.vl27225.dinaserver.com\/producto\/joyero-quiltjoia\/"},"modified":"2024-11-19T10:51:13","modified_gmt":"2024-11-19T09:51:13","slug":"joyero-quiltjoia","status":"publish","type":"product","link":"https:\/\/quiltjoia.com\/ca\/producto\/joyero-quiltjoia\/","title":{"rendered":"DRESDEN &#8211;  JOYERO QUILTJOIA"},"content":{"rendered":"","protected":false},"excerpt":{"rendered":"<h2>Descripci\u00f3n<\/h2>\n<p>Un bonito joyero de viaje. Proyecto con las instrucciones detalladas con ilustraciones y plantillas a tama\u00f1o real. Incluye telas, un bot\u00f3n de plata de ley esmaltado y una chapa identificativa. Dise\u00f1o: Paz Giral-QuiltJoia.<\/p>\n<p>Si\u00a0las telas se agotan, \u00e9stas\u00a0ser\u00e1n\u00a0sustituidas por otras similares que se adapten al dise\u00f1o.<\/p>\n<p style=\"text-align: left;\">\n","protected":false},"featured_media":1802,"template":"","meta":{"_acf_changed":false},"product_brand":[],"product_cat":[44],"product_tag":[],"giftcard-category":[],"class_list":{"0":"post-1801","1":"product","2":"type-product","3":"status-publish","4":"has-post-thumbnail","6":"product_cat-complementos","7":"colecciones-dresden","9":"first","10":"instock","11":"purchasable","12":"product-type-simple"},"acf":[],"_links":{"self":[{"href":"https:\/\/quiltjoia.com\/ca\/wp-json\/wp\/v2\/product\/1801","targetHints":{"allow":["GET"]}}],"collection":[{"href":"https:\/\/quiltjoia.com\/ca\/wp-json\/wp\/v2\/product"}],"about":[{"href":"https:\/\/quiltjoia.com\/ca\/wp-json\/wp\/v2\/types\/product"}],"wp:featuredmedia":[{"embeddable":true,"href":"https:\/\/quiltjoia.com\/ca\/wp-json\/wp\/v2\/media\/1802"}],"wp:attachment":[{"href":"https:\/\/quiltjoia.com\/ca\/wp-json\/wp\/v2\/media?parent=1801"}],"wp:term":[{"taxonomy":"product_brand","embeddable":true,"href":"https:\/\/quiltjoia.com\/ca\/wp-json\/wp\/v2\/product_brand?post=1801"},{"taxonomy":"product_cat","embeddable":true,"href":"https:\/\/quiltjoia.com\/ca\/wp-json\/wp\/v2\/product_cat?post=1801"},{"taxonomy":"product_tag","embeddable":true,"href":"https:\/\/quiltjoia.com\/ca\/wp-json\/wp\/v2\/product_tag?post=1801"},{"taxonomy":"giftcard-category","embeddable":true,"href":"https:\/\/quiltjoia.com\/ca\/wp-json\/wp\/v2\/giftcard-category?post=1801"}],"curies":[{"name":"wp","href":"https:\/\/api.w.org\/{rel}","templated":true}]}}