{"id":2422,"date":"2019-09-08T17:51:45","date_gmt":"2019-09-08T15:51:45","guid":{"rendered":"http:\/\/quiltjoia.vl27225.dinaserver.com\/producto\/circle-patch-colgante-pequeno-10\/"},"modified":"2026-03-05T13:04:58","modified_gmt":"2026-03-05T12:04:58","slug":"circle-patch-colgante-pequeno-10","status":"publish","type":"product","link":"https:\/\/quiltjoia.com\/ca\/producto\/circle-patch-colgante-pequeno-10\/","title":{"rendered":"Circle Patch -10CP"},"content":{"rendered":"","protected":false},"excerpt":{"rendered":"<h2>Descripci\u00f3n<\/h2>\n<p style=\"text-align: left;\">Colgante colecci\u00f3n &#8220;Circle Patch&#8221; en Plata de ley 925mm. y esmalte al fuego. Incluye sorporte tira de cuero marr\u00f3n con terminales y cierre de mosquet\u00f3n en Plata de ley 925mm.<\/p>\n<p style=\"text-align: left;\"><strong>Tama\u00f1o:<\/strong>\u00a02cm. x 2cm.<\/p>\n","protected":false},"featured_media":2423,"template":"","meta":{"_acf_changed":false},"product_brand":[],"product_cat":[60],"product_tag":[],"giftcard-category":[],"class_list":{"0":"post-2422","1":"product","2":"type-product","3":"status-publish","4":"has-post-thumbnail","6":"product_cat-colgantes","7":"colecciones-circle-patch","9":"first","10":"instock","11":"purchasable","12":"product-type-simple"},"acf":[],"_links":{"self":[{"href":"https:\/\/quiltjoia.com\/ca\/wp-json\/wp\/v2\/product\/2422","targetHints":{"allow":["GET"]}}],"collection":[{"href":"https:\/\/quiltjoia.com\/ca\/wp-json\/wp\/v2\/product"}],"about":[{"href":"https:\/\/quiltjoia.com\/ca\/wp-json\/wp\/v2\/types\/product"}],"wp:featuredmedia":[{"embeddable":true,"href":"https:\/\/quiltjoia.com\/ca\/wp-json\/wp\/v2\/media\/2423"}],"wp:attachment":[{"href":"https:\/\/quiltjoia.com\/ca\/wp-json\/wp\/v2\/media?parent=2422"}],"wp:term":[{"taxonomy":"product_brand","embeddable":true,"href":"https:\/\/quiltjoia.com\/ca\/wp-json\/wp\/v2\/product_brand?post=2422"},{"taxonomy":"product_cat","embeddable":true,"href":"https:\/\/quiltjoia.com\/ca\/wp-json\/wp\/v2\/product_cat?post=2422"},{"taxonomy":"product_tag","embeddable":true,"href":"https:\/\/quiltjoia.com\/ca\/wp-json\/wp\/v2\/product_tag?post=2422"},{"taxonomy":"giftcard-category","embeddable":true,"href":"https:\/\/quiltjoia.com\/ca\/wp-json\/wp\/v2\/giftcard-category?post=2422"}],"curies":[{"name":"wp","href":"https:\/\/api.w.org\/{rel}","templated":true}]}}