{"id":2899,"date":"2020-06-03T11:34:56","date_gmt":"2020-06-03T09:34:56","guid":{"rendered":"http:\/\/quiltjoia.vl27225.dinaserver.com\/producto\/cor-de-patch-cp0110\/"},"modified":"2024-11-14T11:23:07","modified_gmt":"2024-11-14T10:23:07","slug":"cor-de-patch-cp0110","status":"publish","type":"product","link":"https:\/\/quiltjoia.com\/ca\/producto\/cor-de-patch-cp0110\/","title":{"rendered":"Cor de Patch &#8211; Cp0110"},"content":{"rendered":"","protected":false},"excerpt":{"rendered":"<h2>Descripci\u00f3n<\/h2>\n<p style=\"text-align: left;\">Colgante peque\u00f1o colecci\u00f3n &#8220;Cor de Patch&#8221; en Plata de ley 925mm. y esmalte al fuego, con cord\u00f3n de piel marr\u00f3n de 42cm.<\/p>\n<p style=\"text-align: left;\"><strong>Tama\u00f1o:<\/strong>\u00a01&#8217;9cmx1&#8217;9cm.<\/p>\n","protected":false},"featured_media":2900,"template":"","meta":{"_acf_changed":false},"product_brand":[],"product_cat":[60],"product_tag":[],"giftcard-category":[],"class_list":{"0":"post-2899","1":"product","2":"type-product","3":"status-publish","4":"has-post-thumbnail","6":"product_cat-colgantes","7":"colecciones-cor-de-patch","9":"first","10":"instock","11":"purchasable","12":"product-type-simple"},"acf":[],"_links":{"self":[{"href":"https:\/\/quiltjoia.com\/ca\/wp-json\/wp\/v2\/product\/2899","targetHints":{"allow":["GET"]}}],"collection":[{"href":"https:\/\/quiltjoia.com\/ca\/wp-json\/wp\/v2\/product"}],"about":[{"href":"https:\/\/quiltjoia.com\/ca\/wp-json\/wp\/v2\/types\/product"}],"wp:featuredmedia":[{"embeddable":true,"href":"https:\/\/quiltjoia.com\/ca\/wp-json\/wp\/v2\/media\/2900"}],"wp:attachment":[{"href":"https:\/\/quiltjoia.com\/ca\/wp-json\/wp\/v2\/media?parent=2899"}],"wp:term":[{"taxonomy":"product_brand","embeddable":true,"href":"https:\/\/quiltjoia.com\/ca\/wp-json\/wp\/v2\/product_brand?post=2899"},{"taxonomy":"product_cat","embeddable":true,"href":"https:\/\/quiltjoia.com\/ca\/wp-json\/wp\/v2\/product_cat?post=2899"},{"taxonomy":"product_tag","embeddable":true,"href":"https:\/\/quiltjoia.com\/ca\/wp-json\/wp\/v2\/product_tag?post=2899"},{"taxonomy":"giftcard-category","embeddable":true,"href":"https:\/\/quiltjoia.com\/ca\/wp-json\/wp\/v2\/giftcard-category?post=2899"}],"curies":[{"name":"wp","href":"https:\/\/api.w.org\/{rel}","templated":true}]}}