{"id":3550,"date":"2022-03-29T16:13:31","date_gmt":"2022-03-29T14:13:31","guid":{"rendered":"http:\/\/quiltjoia.vl27225.dinaserver.com\/producto\/nine-patch-np-04g\/"},"modified":"2026-03-05T10:40:51","modified_gmt":"2026-03-05T09:40:51","slug":"nine-patch-np-04g","status":"publish","type":"product","link":"https:\/\/quiltjoia.com\/ca\/producto\/nine-patch-np-04g\/","title":{"rendered":"Nine Patch -04G"},"content":{"rendered":"","protected":false},"excerpt":{"rendered":"<h2>Descripci\u00f3n<\/h2>\n<p>Colgante tama\u00f1o grande\u00a0 colecci\u00f3n &#8220;NIne Patch&#8221; en Plata de ley 925mm. y esmalte al fuego, con cord\u00f3n de piel en marr\u00f3n, terminales y cierre de mosqueton en Plata de Ley,<\/p>\n<p style=\"text-align: left;\"><strong>Tama\u00f1o: <\/strong>2&#8217;4cm.x 2&#8217;4cm.<\/p>\n","protected":false},"featured_media":3533,"template":"","meta":{"_acf_changed":false},"product_brand":[],"product_cat":[60],"product_tag":[],"giftcard-category":[],"class_list":{"0":"post-3550","1":"product","2":"type-product","3":"status-publish","4":"has-post-thumbnail","6":"product_cat-colgantes","7":"colecciones-nine-patch","9":"first","10":"instock","11":"purchasable","12":"product-type-simple"},"acf":[],"_links":{"self":[{"href":"https:\/\/quiltjoia.com\/ca\/wp-json\/wp\/v2\/product\/3550","targetHints":{"allow":["GET"]}}],"collection":[{"href":"https:\/\/quiltjoia.com\/ca\/wp-json\/wp\/v2\/product"}],"about":[{"href":"https:\/\/quiltjoia.com\/ca\/wp-json\/wp\/v2\/types\/product"}],"wp:featuredmedia":[{"embeddable":true,"href":"https:\/\/quiltjoia.com\/ca\/wp-json\/wp\/v2\/media\/3533"}],"wp:attachment":[{"href":"https:\/\/quiltjoia.com\/ca\/wp-json\/wp\/v2\/media?parent=3550"}],"wp:term":[{"taxonomy":"product_brand","embeddable":true,"href":"https:\/\/quiltjoia.com\/ca\/wp-json\/wp\/v2\/product_brand?post=3550"},{"taxonomy":"product_cat","embeddable":true,"href":"https:\/\/quiltjoia.com\/ca\/wp-json\/wp\/v2\/product_cat?post=3550"},{"taxonomy":"product_tag","embeddable":true,"href":"https:\/\/quiltjoia.com\/ca\/wp-json\/wp\/v2\/product_tag?post=3550"},{"taxonomy":"giftcard-category","embeddable":true,"href":"https:\/\/quiltjoia.com\/ca\/wp-json\/wp\/v2\/giftcard-category?post=3550"}],"curies":[{"name":"wp","href":"https:\/\/api.w.org\/{rel}","templated":true}]}}