{"id":3552,"date":"2022-03-29T16:16:07","date_gmt":"2022-03-29T14:16:07","guid":{"rendered":"http:\/\/quiltjoia.vl27225.dinaserver.com\/producto\/nine-patch-np-06p\/"},"modified":"2026-03-05T10:40:01","modified_gmt":"2026-03-05T09:40:01","slug":"nine-patch-np-06p","status":"publish","type":"product","link":"https:\/\/quiltjoia.com\/ca\/producto\/nine-patch-np-06p\/","title":{"rendered":"Nine Patch -06P"},"content":{"rendered":"","protected":false},"excerpt":{"rendered":"<h2>Descripci\u00f3n<\/h2>\n<p>Colgante tama\u00f1o peque\u00f1o colecci\u00f3n &#8220;Nine Patch&#8221; en Plata de ley 925mm. y esmalte al fuego, con cord\u00f3n de piel en marr\u00f3n, terminales y cierre de mosqueton en Plata de Ley,<\/p>\n<p style=\"text-align: left;\"><strong>Tama\u00f1o: 1&#8217;7<\/strong>cm.x 1&#8217;7cm.<\/p>\n","protected":false},"featured_media":3537,"template":"","meta":{"_acf_changed":false},"product_brand":[],"product_cat":[60],"product_tag":[],"giftcard-category":[],"class_list":{"0":"post-3552","1":"product","2":"type-product","3":"status-publish","4":"has-post-thumbnail","6":"product_cat-colgantes","7":"colecciones-nine-patch","9":"first","10":"instock","11":"purchasable","12":"product-type-simple"},"acf":[],"_links":{"self":[{"href":"https:\/\/quiltjoia.com\/ca\/wp-json\/wp\/v2\/product\/3552","targetHints":{"allow":["GET"]}}],"collection":[{"href":"https:\/\/quiltjoia.com\/ca\/wp-json\/wp\/v2\/product"}],"about":[{"href":"https:\/\/quiltjoia.com\/ca\/wp-json\/wp\/v2\/types\/product"}],"wp:featuredmedia":[{"embeddable":true,"href":"https:\/\/quiltjoia.com\/ca\/wp-json\/wp\/v2\/media\/3537"}],"wp:attachment":[{"href":"https:\/\/quiltjoia.com\/ca\/wp-json\/wp\/v2\/media?parent=3552"}],"wp:term":[{"taxonomy":"product_brand","embeddable":true,"href":"https:\/\/quiltjoia.com\/ca\/wp-json\/wp\/v2\/product_brand?post=3552"},{"taxonomy":"product_cat","embeddable":true,"href":"https:\/\/quiltjoia.com\/ca\/wp-json\/wp\/v2\/product_cat?post=3552"},{"taxonomy":"product_tag","embeddable":true,"href":"https:\/\/quiltjoia.com\/ca\/wp-json\/wp\/v2\/product_tag?post=3552"},{"taxonomy":"giftcard-category","embeddable":true,"href":"https:\/\/quiltjoia.com\/ca\/wp-json\/wp\/v2\/giftcard-category?post=3552"}],"curies":[{"name":"wp","href":"https:\/\/api.w.org\/{rel}","templated":true}]}}