{"id":3689,"date":"2023-04-04T09:22:21","date_gmt":"2023-04-04T07:22:21","guid":{"rendered":"http:\/\/quiltjoia.vl27225.dinaserver.com\/producto\/colgante-flying-geese-18\/"},"modified":"2026-03-05T11:28:15","modified_gmt":"2026-03-05T10:28:15","slug":"colgante-flying-geese-18","status":"publish","type":"product","link":"https:\/\/quiltjoia.com\/ca\/producto\/colgante-flying-geese-18\/","title":{"rendered":"Colgante Flying Geese 18"},"content":{"rendered":"<p>Colgante forma cuadrada en Plata de Ley y esmalte al fuego con dise\u00f1o de la t\u00e9cnica de Patchwork Flying Geese o Vuelo de la Oca.<br \/>\nEl colgante va acompa\u00f1ado de cord\u00f3n de cuero marr\u00f3n oscuro con cierre y terminales en Plata de Ley.<\/p>\n<p>&nbsp;<\/p>\n<p><strong>Tama\u00f1o:\u00a0<\/strong>2,00cm. x 2,00cm.aprox.<\/p>\n","protected":false},"excerpt":{"rendered":"<p>Colgante rectangular en Plata de Ley y esmalte al fuego con dise\u00f1o de la t\u00e9cnica de Patchwork Flying Geese o Vuelo de la Oca.<br \/>\nEl colgante va acompa\u00f1ado de cord\u00f3n de cuero marr\u00f3n oscuro con cierre y terminales en Plata de Ley.<\/p>\n<p>&nbsp;<\/p>\n<p><strong>Tama\u00f1o:\u00a0<\/strong>2,3cm. x 1,1cm.aprox.<\/p>\n<p>&nbsp;<\/p>\n<p style=\"text-align: left;\">\n","protected":false},"featured_media":3690,"template":"","meta":{"_acf_changed":false},"product_brand":[],"product_cat":[60],"product_tag":[],"giftcard-category":[],"class_list":{"0":"post-3689","1":"product","2":"type-product","3":"status-publish","4":"has-post-thumbnail","6":"product_cat-colgantes","7":"colecciones-flying-geese","9":"first","10":"instock","11":"purchasable","12":"product-type-simple"},"acf":[],"_links":{"self":[{"href":"https:\/\/quiltjoia.com\/ca\/wp-json\/wp\/v2\/product\/3689","targetHints":{"allow":["GET"]}}],"collection":[{"href":"https:\/\/quiltjoia.com\/ca\/wp-json\/wp\/v2\/product"}],"about":[{"href":"https:\/\/quiltjoia.com\/ca\/wp-json\/wp\/v2\/types\/product"}],"wp:featuredmedia":[{"embeddable":true,"href":"https:\/\/quiltjoia.com\/ca\/wp-json\/wp\/v2\/media\/3690"}],"wp:attachment":[{"href":"https:\/\/quiltjoia.com\/ca\/wp-json\/wp\/v2\/media?parent=3689"}],"wp:term":[{"taxonomy":"product_brand","embeddable":true,"href":"https:\/\/quiltjoia.com\/ca\/wp-json\/wp\/v2\/product_brand?post=3689"},{"taxonomy":"product_cat","embeddable":true,"href":"https:\/\/quiltjoia.com\/ca\/wp-json\/wp\/v2\/product_cat?post=3689"},{"taxonomy":"product_tag","embeddable":true,"href":"https:\/\/quiltjoia.com\/ca\/wp-json\/wp\/v2\/product_tag?post=3689"},{"taxonomy":"giftcard-category","embeddable":true,"href":"https:\/\/quiltjoia.com\/ca\/wp-json\/wp\/v2\/giftcard-category?post=3689"}],"curies":[{"name":"wp","href":"https:\/\/api.w.org\/{rel}","templated":true}]}}