{"id":4486,"date":"2024-11-14T11:58:36","date_gmt":"2024-11-14T10:58:36","guid":{"rendered":"http:\/\/quiltjoia.vl27225.dinaserver.com\/?post_type=product&#038;p=4486"},"modified":"2024-12-10T19:51:17","modified_gmt":"2024-12-10T18:51:17","slug":"tarjeta-regalo","status":"publish","type":"product","link":"https:\/\/quiltjoia.com\/ca\/producto\/tarjeta-regalo\/","title":{"rendered":"Tarjeta regalo"},"content":{"rendered":"<h2>Condiciones<\/h2>\n<ul>\n<li>Cheque canjeable \u00fanicamente de manera online.<\/li>\n<li>Importe canjeable para productos personalizados y no personalizados.<\/li>\n<li>Si el precio de los productos es superior al importe de la tarjeta regalo, se deber\u00e1 abonar la diferencia.<\/li>\n<li>Si el precio de los productos es inferior al importe de la tarjeta regalo, el importe restante quedar\u00e1 acumulado para futuras compras.<\/li>\n<li>No se admiten cambios ni devoluciones del importe del cheque.<\/li>\n<li>Las tarjetas regalo no tienen fecha de caducidad.<\/li>\n<\/ul>\n","protected":false},"excerpt":{"rendered":"<p>Elegir el regalo perfecto no siempre es f\u00e1cil, por eso queremos ayudarte proponi\u00e9ndote una de nuestras tarjetas regalo.<\/p>\n<p>Una vez hayas realizado la compra de tu tarjeta regalo, recibir\u00e1s un correo electr\u00f3nico con el c\u00f3digo de dicha tarjeta (en 24h\/48h desde el momento de realizar el pedido).<\/p>\n<p>La puedes reenviar a la persona que desees, personalizando el mensaje tanto como quieras.<\/p>\n<p>Para usarla, solo tienes que entrar en nuestra web, seleccionar los productos que m\u00e1s te gusten y justo antes de realizar el pago, introducir el c\u00f3digo en el apartado &#8220;tarjeta regalo o vale descuento&#8221;.<\/p>\n<p>\u00a1\u00a1Es muy f\u00e1cil y c\u00f3modo!! ;)<\/p>\n<p><em>**Si deseas regalar un importe distinto a los disponibles, env\u00edanos un correo electr\u00f3nico a <a href=\"mailto:[ltw_email]\">[ltw_email]<\/a> y habilitaremos un nuevo importe.<\/em><\/p>\n","protected":false},"featured_media":6620,"template":"","meta":{"_acf_changed":false},"product_brand":[],"product_cat":[44],"product_tag":[],"giftcard-category":[],"class_list":{"0":"post-4486","1":"product","2":"type-product","3":"status-publish","4":"has-post-thumbnail","6":"product_cat-complementos","8":"first","9":"instock","10":"virtual","11":"taxable","12":"purchasable","13":"product-type-gift-card"},"acf":[],"_links":{"self":[{"href":"https:\/\/quiltjoia.com\/ca\/wp-json\/wp\/v2\/product\/4486","targetHints":{"allow":["GET"]}}],"collection":[{"href":"https:\/\/quiltjoia.com\/ca\/wp-json\/wp\/v2\/product"}],"about":[{"href":"https:\/\/quiltjoia.com\/ca\/wp-json\/wp\/v2\/types\/product"}],"wp:featuredmedia":[{"embeddable":true,"href":"https:\/\/quiltjoia.com\/ca\/wp-json\/wp\/v2\/media\/6620"}],"wp:attachment":[{"href":"https:\/\/quiltjoia.com\/ca\/wp-json\/wp\/v2\/media?parent=4486"}],"wp:term":[{"taxonomy":"product_brand","embeddable":true,"href":"https:\/\/quiltjoia.com\/ca\/wp-json\/wp\/v2\/product_brand?post=4486"},{"taxonomy":"product_cat","embeddable":true,"href":"https:\/\/quiltjoia.com\/ca\/wp-json\/wp\/v2\/product_cat?post=4486"},{"taxonomy":"product_tag","embeddable":true,"href":"https:\/\/quiltjoia.com\/ca\/wp-json\/wp\/v2\/product_tag?post=4486"},{"taxonomy":"giftcard-category","embeddable":true,"href":"https:\/\/quiltjoia.com\/ca\/wp-json\/wp\/v2\/giftcard-category?post=4486"}],"curies":[{"name":"wp","href":"https:\/\/api.w.org\/{rel}","templated":true}]}}