{"id":609,"date":"2017-02-08T16:32:56","date_gmt":"2017-02-08T15:32:56","guid":{"rendered":"http:\/\/quiltjoia.vl27225.dinaserver.com\/producto\/cor-de-patch-cg0105\/"},"modified":"2026-03-05T20:07:44","modified_gmt":"2026-03-05T19:07:44","slug":"cor-de-patch-cg0105","status":"publish","type":"product","link":"https:\/\/quiltjoia.com\/ca\/producto\/cor-de-patch-cg0105\/","title":{"rendered":"Cor de Patch &#8211; Cg0105"},"content":{"rendered":"","protected":false},"excerpt":{"rendered":"<h2>Descripci\u00f3n<\/h2>\n<p style=\"text-align: left;\">Colgante colecci\u00f3n &#8220;Cor de Patch&#8221; en Plata de ley 925mm. y esmalte al fuego. Incluye sorporte tira de cuero marr\u00f3n con terminales y cierre de mosquet\u00f3n en Plata de ley 925mm.<\/p>\n<p style=\"text-align: left;\"><strong>Tama\u00f1o:<\/strong> 3.1cm x 3.1cm<\/p>\n","protected":false},"featured_media":610,"template":"","meta":{"_acf_changed":false},"product_brand":[],"product_cat":[60],"product_tag":[],"giftcard-category":[],"class_list":{"0":"post-609","1":"product","2":"type-product","3":"status-publish","4":"has-post-thumbnail","6":"product_cat-colgantes","7":"colecciones-cor-de-patch","9":"first","10":"instock","11":"purchasable","12":"product-type-simple"},"acf":[],"_links":{"self":[{"href":"https:\/\/quiltjoia.com\/ca\/wp-json\/wp\/v2\/product\/609","targetHints":{"allow":["GET"]}}],"collection":[{"href":"https:\/\/quiltjoia.com\/ca\/wp-json\/wp\/v2\/product"}],"about":[{"href":"https:\/\/quiltjoia.com\/ca\/wp-json\/wp\/v2\/types\/product"}],"wp:featuredmedia":[{"embeddable":true,"href":"https:\/\/quiltjoia.com\/ca\/wp-json\/wp\/v2\/media\/610"}],"wp:attachment":[{"href":"https:\/\/quiltjoia.com\/ca\/wp-json\/wp\/v2\/media?parent=609"}],"wp:term":[{"taxonomy":"product_brand","embeddable":true,"href":"https:\/\/quiltjoia.com\/ca\/wp-json\/wp\/v2\/product_brand?post=609"},{"taxonomy":"product_cat","embeddable":true,"href":"https:\/\/quiltjoia.com\/ca\/wp-json\/wp\/v2\/product_cat?post=609"},{"taxonomy":"product_tag","embeddable":true,"href":"https:\/\/quiltjoia.com\/ca\/wp-json\/wp\/v2\/product_tag?post=609"},{"taxonomy":"giftcard-category","embeddable":true,"href":"https:\/\/quiltjoia.com\/ca\/wp-json\/wp\/v2\/giftcard-category?post=609"}],"curies":[{"name":"wp","href":"https:\/\/api.w.org\/{rel}","templated":true}]}}