{"id":7036,"date":"2025-03-28T20:01:09","date_gmt":"2025-03-28T19:01:09","guid":{"rendered":"https:\/\/quiltjoia.com\/?post_type=product&#038;p=7036"},"modified":"2025-03-28T20:01:10","modified_gmt":"2025-03-28T19:01:10","slug":"maquina-de-coser-swarovski-azul","status":"publish","type":"product","link":"https:\/\/quiltjoia.com\/ca\/producto\/maquina-de-coser-swarovski-azul\/","title":{"rendered":"M\u00e1quina de coser Swarovski azul"},"content":{"rendered":"<p>Bonita m\u00e1quina de coser dise\u00f1o vintage que puedes combinar\u00a0 con uno de nuestros cordones de cuero o\u00a0 cadena de Plata para lucir como colgante.<\/p>\n<p>Si lo prefieres puedes llevarla en pulsera de Plata, sola o con otros charms\u00a0 QuiltJoia.<\/p>\n<p>Tambi\u00e9n puedes tener unos divertidos pendientes con nuestros aros de Plata\u00a0 para colgar charms.<\/p>\n<p>Si escoges una de estas opciones\u00a0 nos lo haces saber en notas\u00a0 para tenerlo presente al realizar tu pedido.<\/p>\n<p>&nbsp;<\/p>\n<p><strong>Medidas:<\/strong>\u00a01,5cm. x 1cm.<\/p>\n","protected":false},"excerpt":{"rendered":"<p>Colgante\/charm en forma de m\u00e1quina de coser en Plata de Ley 925mm. y cristal de Swarovski en azul<\/p>\n","protected":false},"featured_media":7031,"template":"","meta":{"_acf_changed":false},"product_brand":[],"product_cat":[60],"product_tag":[],"giftcard-category":[],"class_list":{"0":"post-7036","1":"product","2":"type-product","3":"status-publish","4":"has-post-thumbnail","6":"product_cat-colgantes","7":"colecciones-maquinas-de-coser-y-dedales","9":"first","10":"instock","11":"taxable","12":"shipping-taxable","13":"purchasable","14":"product-type-simple"},"acf":[],"_links":{"self":[{"href":"https:\/\/quiltjoia.com\/ca\/wp-json\/wp\/v2\/product\/7036","targetHints":{"allow":["GET"]}}],"collection":[{"href":"https:\/\/quiltjoia.com\/ca\/wp-json\/wp\/v2\/product"}],"about":[{"href":"https:\/\/quiltjoia.com\/ca\/wp-json\/wp\/v2\/types\/product"}],"wp:featuredmedia":[{"embeddable":true,"href":"https:\/\/quiltjoia.com\/ca\/wp-json\/wp\/v2\/media\/7031"}],"wp:attachment":[{"href":"https:\/\/quiltjoia.com\/ca\/wp-json\/wp\/v2\/media?parent=7036"}],"wp:term":[{"taxonomy":"product_brand","embeddable":true,"href":"https:\/\/quiltjoia.com\/ca\/wp-json\/wp\/v2\/product_brand?post=7036"},{"taxonomy":"product_cat","embeddable":true,"href":"https:\/\/quiltjoia.com\/ca\/wp-json\/wp\/v2\/product_cat?post=7036"},{"taxonomy":"product_tag","embeddable":true,"href":"https:\/\/quiltjoia.com\/ca\/wp-json\/wp\/v2\/product_tag?post=7036"},{"taxonomy":"giftcard-category","embeddable":true,"href":"https:\/\/quiltjoia.com\/ca\/wp-json\/wp\/v2\/giftcard-category?post=7036"}],"curies":[{"name":"wp","href":"https:\/\/api.w.org\/{rel}","templated":true}]}}