{"id":7092,"date":"2025-04-20T14:28:05","date_gmt":"2025-04-20T12:28:05","guid":{"rendered":"https:\/\/quiltjoia.com\/?post_type=product&#038;p=7092"},"modified":"2025-04-20T14:28:06","modified_gmt":"2025-04-20T12:28:06","slug":"pendientes-cathedral-agata-marron","status":"publish","type":"product","link":"https:\/\/quiltjoia.com\/ca\/producto\/pendientes-cathedral-agata-marron\/","title":{"rendered":"Pendientes Cathedral \u00c1gata marr\u00f3n"},"content":{"rendered":"<p>Pendientes calados cierre en gancho en Plata de Ley 925mm. con \u00c1gata en color marr\u00f3n<\/p>\n<p>Los pendientes van acompa\u00f1ados de unos topes de silicona para poner al final de los ganchos como protecci\u00f3n.<\/p>\n<p>&nbsp;<\/p>\n<p><strong>Medidas:\u00a0<\/strong>pendiente+\u00e1gata+gancho\u00a0 4cm. de largo<\/p>\n","protected":false},"excerpt":{"rendered":"<p>Pendientes dise\u00f1o Cathedral Windows calados en Plata de Ley 925mm. y \u00c1gata en marr\u00f3n<\/p>\n","protected":false},"featured_media":7093,"template":"","meta":{"_acf_changed":false},"product_brand":[],"product_cat":[66],"product_tag":[],"giftcard-category":[],"class_list":{"0":"post-7092","1":"product","2":"type-product","3":"status-publish","4":"has-post-thumbnail","6":"product_cat-pendientes","7":"colecciones-silk-patch","9":"first","10":"instock","11":"taxable","12":"shipping-taxable","13":"purchasable","14":"product-type-simple"},"acf":[],"_links":{"self":[{"href":"https:\/\/quiltjoia.com\/ca\/wp-json\/wp\/v2\/product\/7092","targetHints":{"allow":["GET"]}}],"collection":[{"href":"https:\/\/quiltjoia.com\/ca\/wp-json\/wp\/v2\/product"}],"about":[{"href":"https:\/\/quiltjoia.com\/ca\/wp-json\/wp\/v2\/types\/product"}],"wp:featuredmedia":[{"embeddable":true,"href":"https:\/\/quiltjoia.com\/ca\/wp-json\/wp\/v2\/media\/7093"}],"wp:attachment":[{"href":"https:\/\/quiltjoia.com\/ca\/wp-json\/wp\/v2\/media?parent=7092"}],"wp:term":[{"taxonomy":"product_brand","embeddable":true,"href":"https:\/\/quiltjoia.com\/ca\/wp-json\/wp\/v2\/product_brand?post=7092"},{"taxonomy":"product_cat","embeddable":true,"href":"https:\/\/quiltjoia.com\/ca\/wp-json\/wp\/v2\/product_cat?post=7092"},{"taxonomy":"product_tag","embeddable":true,"href":"https:\/\/quiltjoia.com\/ca\/wp-json\/wp\/v2\/product_tag?post=7092"},{"taxonomy":"giftcard-category","embeddable":true,"href":"https:\/\/quiltjoia.com\/ca\/wp-json\/wp\/v2\/giftcard-category?post=7092"}],"curies":[{"name":"wp","href":"https:\/\/api.w.org\/{rel}","templated":true}]}}