{"id":7104,"date":"2025-04-20T14:26:17","date_gmt":"2025-04-20T12:26:17","guid":{"rendered":"https:\/\/quiltjoia.com\/?post_type=product&#038;p=7104"},"modified":"2025-04-20T14:26:17","modified_gmt":"2025-04-20T12:26:17","slug":"pendientes-hexagonos-agata-verde","status":"publish","type":"product","link":"https:\/\/quiltjoia.com\/ca\/producto\/pendientes-hexagonos-agata-verde\/","title":{"rendered":"Pendientes Hex\u00e1gonos \u00c1gata verde"},"content":{"rendered":"<p>Pendientes calados cierre en gancho en Plata de Ley 925mm. con \u00c1gata en color verde<\/p>\n<p>Los pendientes van acompa\u00f1ados de unos topes de silicona para poner al final de los ganchos como protecci\u00f3n.<\/p>\n<p>&nbsp;<\/p>\n<p><strong>Medidas:\u00a0<\/strong>pendiente+\u00e1gata+gancho\u00a0 4cm. de largo<\/p>\n","protected":false},"excerpt":{"rendered":"<p>Pendientes en forma de hex\u00e1gonos calados en Plata de Ley 925mm. y \u00c1gata en verde.<\/p>\n","protected":false},"featured_media":7105,"template":"","meta":{"_acf_changed":false},"product_brand":[],"product_cat":[66],"product_tag":[],"giftcard-category":[],"class_list":{"0":"post-7104","1":"product","2":"type-product","3":"status-publish","4":"has-post-thumbnail","6":"product_cat-pendientes","7":"colecciones-silk-patch","9":"first","10":"instock","11":"taxable","12":"shipping-taxable","13":"purchasable","14":"product-type-simple"},"acf":[],"_links":{"self":[{"href":"https:\/\/quiltjoia.com\/ca\/wp-json\/wp\/v2\/product\/7104","targetHints":{"allow":["GET"]}}],"collection":[{"href":"https:\/\/quiltjoia.com\/ca\/wp-json\/wp\/v2\/product"}],"about":[{"href":"https:\/\/quiltjoia.com\/ca\/wp-json\/wp\/v2\/types\/product"}],"wp:featuredmedia":[{"embeddable":true,"href":"https:\/\/quiltjoia.com\/ca\/wp-json\/wp\/v2\/media\/7105"}],"wp:attachment":[{"href":"https:\/\/quiltjoia.com\/ca\/wp-json\/wp\/v2\/media?parent=7104"}],"wp:term":[{"taxonomy":"product_brand","embeddable":true,"href":"https:\/\/quiltjoia.com\/ca\/wp-json\/wp\/v2\/product_brand?post=7104"},{"taxonomy":"product_cat","embeddable":true,"href":"https:\/\/quiltjoia.com\/ca\/wp-json\/wp\/v2\/product_cat?post=7104"},{"taxonomy":"product_tag","embeddable":true,"href":"https:\/\/quiltjoia.com\/ca\/wp-json\/wp\/v2\/product_tag?post=7104"},{"taxonomy":"giftcard-category","embeddable":true,"href":"https:\/\/quiltjoia.com\/ca\/wp-json\/wp\/v2\/giftcard-category?post=7104"}],"curies":[{"name":"wp","href":"https:\/\/api.w.org\/{rel}","templated":true}]}}