{"id":7348,"date":"2025-04-20T13:41:13","date_gmt":"2025-04-20T11:41:13","guid":{"rendered":"https:\/\/quiltjoia.com\/?post_type=product&#038;p=7348"},"modified":"2025-04-20T13:41:14","modified_gmt":"2025-04-20T11:41:14","slug":"sedas-patch-31-45","status":"publish","type":"product","link":"https:\/\/quiltjoia.com\/ca\/producto\/sedas-patch-31-45\/","title":{"rendered":"Sedas Patch 31-45"},"content":{"rendered":"<p>Medidas:<\/p>\n<p><strong>Largo<\/strong>\u00a0tira Seda 90cm. aprox.<\/p>\n<p><strong>Ancho<\/strong>\u00a0tira Seda 1,3cm. aprox.<\/p>\n<p>Todas nuestras sedas est\u00e1n acabadas con terminales de Plata de Ley 925mm. esto no solo<\/p>\n<p>garantiza un uso \u00f3ptimo, sino que tambi\u00e9n proporciona una durabilidad excepcional.<\/p>\n<ul>\n<li>Cada Seda en nuestra colecci\u00f3n es exclusiva, con solo una unidad disponible por estampado y color.<\/li>\n<\/ul>\n<p>Si necesitas m\u00e1s informaci\u00f3n, no dudes en contactarnos.<\/p>\n","protected":false},"excerpt":{"rendered":"<p>Bonitas tiras de Seda que a\u00f1aden un toque \u00fanico y especial a cualquier colgante QuiltJoia. Todas nuestras Sedas est\u00e1n cuidadosamente acabadas con terminales de Plata de Ley 925mm.<\/p>\n","protected":false},"featured_media":7364,"template":"","meta":{"_acf_changed":false},"product_brand":[],"product_cat":[263],"product_tag":[],"giftcard-category":[],"class_list":{"0":"post-7348","1":"product","2":"type-product","3":"status-publish","4":"has-post-thumbnail","6":"product_cat-sedas","7":"colecciones-sedas-patch","9":"first","10":"instock","11":"sold-individually","12":"taxable","13":"shipping-taxable","14":"purchasable","15":"product-type-variable"},"acf":[],"_links":{"self":[{"href":"https:\/\/quiltjoia.com\/ca\/wp-json\/wp\/v2\/product\/7348","targetHints":{"allow":["GET"]}}],"collection":[{"href":"https:\/\/quiltjoia.com\/ca\/wp-json\/wp\/v2\/product"}],"about":[{"href":"https:\/\/quiltjoia.com\/ca\/wp-json\/wp\/v2\/types\/product"}],"wp:featuredmedia":[{"embeddable":true,"href":"https:\/\/quiltjoia.com\/ca\/wp-json\/wp\/v2\/media\/7364"}],"wp:attachment":[{"href":"https:\/\/quiltjoia.com\/ca\/wp-json\/wp\/v2\/media?parent=7348"}],"wp:term":[{"taxonomy":"product_brand","embeddable":true,"href":"https:\/\/quiltjoia.com\/ca\/wp-json\/wp\/v2\/product_brand?post=7348"},{"taxonomy":"product_cat","embeddable":true,"href":"https:\/\/quiltjoia.com\/ca\/wp-json\/wp\/v2\/product_cat?post=7348"},{"taxonomy":"product_tag","embeddable":true,"href":"https:\/\/quiltjoia.com\/ca\/wp-json\/wp\/v2\/product_tag?post=7348"},{"taxonomy":"giftcard-category","embeddable":true,"href":"https:\/\/quiltjoia.com\/ca\/wp-json\/wp\/v2\/giftcard-category?post=7348"}],"curies":[{"name":"wp","href":"https:\/\/api.w.org\/{rel}","templated":true}]}}