{"id":7510,"date":"2025-04-29T11:57:29","date_gmt":"2025-04-29T09:57:29","guid":{"rendered":"https:\/\/quiltjoia.com\/?post_type=product&#038;p=7510"},"modified":"2026-03-05T10:04:47","modified_gmt":"2026-03-05T09:04:47","slug":"colgante-log-cabin-esmate-brisa-del-bosque","status":"publish","type":"product","link":"https:\/\/quiltjoia.com\/ca\/producto\/colgante-log-cabin-esmate-brisa-del-bosque\/","title":{"rendered":"Colgante Log Cabin Esmate Brisa del Bosque"},"content":{"rendered":"<div class=\"ltw-product-excerpt__wrapper max-w-prose mx-auto\">\n<ul>\n<li>Cada una de las sedas que componen esta exclusiva colecci\u00f3n es \u00fanica, presentando un fascinante juego de estampados y tonalidades.<\/li>\n<\/ul>\n<p>Al realizar tu pedido, nos aseguraremos de que la seda\u00a0 armonice perfectamente con el colgante , creando una combinaci\u00f3n impecable.<\/p>\n<p>Si tienes alguna sugerencia o deseo espec\u00edfico, no dudes en contactarnos o a\u00f1adir una nota a tu pedido.<\/p>\n<p><strong>Tama\u00f1o:<\/strong><\/p>\n<p>Colgante\u00a0 2,9cm.x 2,9cm.<\/p>\n<p>Seda largo\u00a0 85,0cm. aprox.<\/p>\n<\/div>\n<div id=\"block-8\" class=\"widget overflow-x-clip widget_block\">\n<div class=\"features-list my-24 lg:my-36\">\n<div class=\"\">\n<ul class=\"list-none m-0 flex flex-wrap justify-evenly -mx-2.5 gap-y-8\">\n<li class=\"text-center w-full md:w-1\/2 3xl:w-1\/3 px-2.5\">\n<div class=\"w-[424px] max-w-full mx-auto\">\n<p><img decoding=\"async\" class=\"mx-auto w-16 h-16 mb-3 aos-init\" src=\"https:\/\/quiltjoia.com\/wp-content\/uploads\/2024\/08\/ico-1.svg\" alt=\"\" width=\"1\" height=\"1\" data-aos=\"fade\" title=\"\"><\/p>\n<h3 class=\"font-body text-primary mb-1 font-normal text-xl\">Hecho en Barcelona<\/h3>\n<p class=\"m-0 text-base\">Ubicados en el coraz\u00f3n de Barcelona, nuestro taller artesanal es un refugio de creatividad donde la tradici\u00f3n se encuentra con la innovaci\u00f3n. Nuestras creaciones est\u00e1n inspiradas en el arte del patchwork y la costura.<\/p>\n<\/div>\n<\/li>\n<li class=\"text-center w-full md:w-1\/2 3xl:w-1\/3 px-2.5\">\n<div class=\"w-[424px] max-w-full mx-auto\"><\/div>\n<\/li>\n<\/ul>\n<\/div>\n<\/div>\n<\/div>\n","protected":false},"excerpt":{"rendered":"<p>Precioso collar compuesto por colgante en Plata de Ley 925mm. y esmalte al fuego.<\/p>\n<p>Dise\u00f1o y forma \u00abLog Cabin\u00bb Patchwork,<\/p>\n<p>Acompa\u00f1a el colgante una seda armoniosamente conjuntada con terminales en Plata de Ley, que se anuda al cuello<\/p>\n","protected":false},"featured_media":7511,"template":"","meta":{"_acf_changed":false},"product_brand":[],"product_cat":[60],"product_tag":[],"giftcard-category":[],"class_list":{"0":"post-7510","1":"product","2":"type-product","3":"status-publish","4":"has-post-thumbnail","6":"product_cat-colgantes","7":"colecciones-silk-patch","9":"first","10":"instock","11":"taxable","12":"shipping-taxable","13":"purchasable","14":"product-type-variable"},"acf":[],"_links":{"self":[{"href":"https:\/\/quiltjoia.com\/ca\/wp-json\/wp\/v2\/product\/7510","targetHints":{"allow":["GET"]}}],"collection":[{"href":"https:\/\/quiltjoia.com\/ca\/wp-json\/wp\/v2\/product"}],"about":[{"href":"https:\/\/quiltjoia.com\/ca\/wp-json\/wp\/v2\/types\/product"}],"wp:featuredmedia":[{"embeddable":true,"href":"https:\/\/quiltjoia.com\/ca\/wp-json\/wp\/v2\/media\/7511"}],"wp:attachment":[{"href":"https:\/\/quiltjoia.com\/ca\/wp-json\/wp\/v2\/media?parent=7510"}],"wp:term":[{"taxonomy":"product_brand","embeddable":true,"href":"https:\/\/quiltjoia.com\/ca\/wp-json\/wp\/v2\/product_brand?post=7510"},{"taxonomy":"product_cat","embeddable":true,"href":"https:\/\/quiltjoia.com\/ca\/wp-json\/wp\/v2\/product_cat?post=7510"},{"taxonomy":"product_tag","embeddable":true,"href":"https:\/\/quiltjoia.com\/ca\/wp-json\/wp\/v2\/product_tag?post=7510"},{"taxonomy":"giftcard-category","embeddable":true,"href":"https:\/\/quiltjoia.com\/ca\/wp-json\/wp\/v2\/giftcard-category?post=7510"}],"curies":[{"name":"wp","href":"https:\/\/api.w.org\/{rel}","templated":true}]}}