{"id":7726,"date":"2026-04-02T13:52:09","date_gmt":"2026-04-02T11:52:09","guid":{"rendered":"https:\/\/quiltjoia.com\/?post_type=product&#038;p=7726"},"modified":"2026-04-02T13:52:09","modified_gmt":"2026-04-02T11:52:09","slug":"colgante-apple-core-aqua","status":"publish","type":"product","link":"https:\/\/quiltjoia.com\/ca\/producto\/colgante-apple-core-aqua\/","title":{"rendered":"Colgante Apple Core &#8220;Aqua&#8221;"},"content":{"rendered":"<p>Puedes adquirir el colgante solo, acompa\u00f1ado de cord\u00f3n de cuero marr\u00f3n osuro y terminales en Plata de Ley,cadena de Plata fina.<br \/>\nElige la opci\u00f3n que prefieras, si tienes alguna sugerencia o deseo especifico, no dudes en contactarnos o a\u00f1adir una nota a tu pedido<\/p>\n<p>Tama\u00f1o:<\/p>\n<p>Colgante grande 2,5&#215;2,5cm.<br \/>\nCogante peque\u00f1o 1,7&#215;1,7cm.<br \/>\nCord\u00f3n cuero marr\u00f3n 45cm<br \/>\nCadena Plata de Ley 925mm.fina 43\/45cm.aprox.<\/p>\n","protected":false},"excerpt":{"rendered":"<p>Precioso colgante en Plata de Ley 925mm.y esmalte al fuego hecho a mano<br \/>\ninspirado en la t\u00e9cnica Apple Core de Patchwork.<\/p>\n","protected":false},"featured_media":7733,"template":"","meta":{"_acf_changed":false},"product_brand":[],"product_cat":[60],"product_tag":[],"giftcard-category":[],"class_list":{"0":"post-7726","1":"product","2":"type-product","3":"status-publish","4":"has-post-thumbnail","6":"product_cat-colgantes","7":"colecciones-apple-core","9":"first","10":"instock","11":"taxable","12":"shipping-taxable","13":"purchasable","14":"product-type-variable"},"acf":[],"_links":{"self":[{"href":"https:\/\/quiltjoia.com\/ca\/wp-json\/wp\/v2\/product\/7726","targetHints":{"allow":["GET"]}}],"collection":[{"href":"https:\/\/quiltjoia.com\/ca\/wp-json\/wp\/v2\/product"}],"about":[{"href":"https:\/\/quiltjoia.com\/ca\/wp-json\/wp\/v2\/types\/product"}],"wp:featuredmedia":[{"embeddable":true,"href":"https:\/\/quiltjoia.com\/ca\/wp-json\/wp\/v2\/media\/7733"}],"wp:attachment":[{"href":"https:\/\/quiltjoia.com\/ca\/wp-json\/wp\/v2\/media?parent=7726"}],"wp:term":[{"taxonomy":"product_brand","embeddable":true,"href":"https:\/\/quiltjoia.com\/ca\/wp-json\/wp\/v2\/product_brand?post=7726"},{"taxonomy":"product_cat","embeddable":true,"href":"https:\/\/quiltjoia.com\/ca\/wp-json\/wp\/v2\/product_cat?post=7726"},{"taxonomy":"product_tag","embeddable":true,"href":"https:\/\/quiltjoia.com\/ca\/wp-json\/wp\/v2\/product_tag?post=7726"},{"taxonomy":"giftcard-category","embeddable":true,"href":"https:\/\/quiltjoia.com\/ca\/wp-json\/wp\/v2\/giftcard-category?post=7726"}],"curies":[{"name":"wp","href":"https:\/\/api.w.org\/{rel}","templated":true}]}}